{"id":7406,"date":"2025-08-30T04:11:40","date_gmt":"2025-08-30T09:11:40","guid":{"rendered":"https:\/\/medicentral.pe\/?post_type=product&#038;p=7406"},"modified":"2026-01-13T19:59:28","modified_gmt":"2026-01-14T00:59:28","slug":"examen-medico-canje-extranjero","status":"publish","type":"product","link":"https:\/\/medicentral.pe\/en\/product\/examen-medico-canje-extranjero\/","title":{"rendered":"Examen M\u00e9dico \/ Canje Extranjero"},"content":{"rendered":"<div class=\"wpb-content-wrapper\"><div class=\"vc_row wpb_row vc_row-fluid vc_custom_1756588880313 vc_row-has-fill vc_row-o-equal-height vc_row-flex wd-rs-68b36b47cfca4\"><div class=\"wpb_column vc_column_container vc_col-sm-12 vc_col-lg-8 vc_col-md-12 vc_col-xs-12 wd-rs-68b2bdb921c2e\"><div class=\"vc_column-inner vc_custom_1756544448883\"><div class=\"wpb_wrapper\">\t\t<div id=\"wd-68b36b2ab3ce9\" class=\"wd-text-block wd-wpb reset-last-child wd-rs-68b36b2ab3ce9 text-left wd-width-enabled wd-fontsize-custom vc_custom_1756588862674\" style=\"--wd-max-width: 90%;\">\n\t\t\t<div class=\"mediccar-examen\">\n<p><!-- T\u00edtulo y subt\u00edtulo --><\/p>\n<h1 class=\"mediccar-title\">Examen M\u00e9dico para Licencia de Conducir \u2013 MEDICCAR<\/h1>\n<p class=\"mediccar-subtitle\">Tu examen m\u00e9dico r\u00e1pido, seguro y confiable.<\/p>\n<p><!-- REQUISITOS --><\/p>\n<div class=\"mediccar-card\">\n<p><span class=\"mediccar-badge\">Requisitos<\/span><\/p>\n<ul class=\"mediccar-checklist\">\n<li>Tener 18 a\u00f1os como m\u00ednimo.<\/li>\n<li>Presentar DNI original y vigente.<\/li>\n<\/ul>\n<\/div>\n<div class=\"mediccar-divider\"><\/div>\n<p><!-- EVALUACIONES INCLUIDAS --><\/p>\n<div class=\"mediccar-card\">\n<p><span class=\"mediccar-badge\">Evaluaciones Incluidas<\/span><\/p>\n<div class=\"mediccar-steps\">\n<p><!-- Grupo Sangu\u00edneo --><\/p>\n<div class=\"mediccar-card\">\n<h3>Grupo Sangu\u00edneo<\/h3>\n<p>Se toma una peque\u00f1a muestra de sangre mediante punci\u00f3n capilar en el dedo (solo 3 gotas). Con ello se determina tu grupo y factor sangu\u00edneo.<\/p>\n<\/div>\n<p><!-- Psicolog\u00eda --><\/p>\n<div class=\"mediccar-card\">\n<h3>Psicolog\u00eda<\/h3>\n<p>Es la evaluaci\u00f3n m\u00e1s completa del examen m\u00e9dico. Incluye:<\/p>\n<div class=\"mediccar-pills\"><span class=\"mediccar-pill\">Test de Retenci\u00f3n Visual de Benton<\/span><br \/>\n<span class=\"mediccar-pill\">Test de Domin\u00f3s<\/span><br \/>\n<span class=\"mediccar-pill\">Inventario de Personalidad de Eysenck (B)<\/span><br \/>\n<span class=\"mediccar-pill\">Test de Machover<\/span><br \/>\n<span class=\"mediccar-pill\">Test AUDIT<\/span><br \/>\n<span class=\"mediccar-pill\">Test de la Persona con Arma<\/span><\/div>\n<\/div>\n<p><!-- Vista y O\u00eddo --><\/p>\n<div class=\"mediccar-card\">\n<h3>Vista y O\u00eddo<\/h3>\n<ul class=\"mediccar-checklist\">\n<li>Si usas lentes, es obligatorio traerlos.<\/li>\n<li>Visi\u00f3n m\u00ednima requerida: 20\/30 o superior (con o sin lentes).<\/li>\n<\/ul>\n<h4 class=\"muted\" style=\"margin-top: 10px;\">Tambi\u00e9n se realizan pruebas de:<\/h4>\n<div class=\"mediccar-pills\"><span class=\"mediccar-pill\">Visi\u00f3n de colores<\/span><br \/>\n<span class=\"mediccar-pill\">Visi\u00f3n nocturna<\/span><br \/>\n<span class=\"mediccar-pill\">Estereopsis<\/span><br \/>\n<span class=\"mediccar-pill\">Audiometr\u00eda b\u00e1sica<\/span><\/div>\n<\/div>\n<p><!-- Medicina General --><\/p>\n<div class=\"mediccar-card\">\n<h3>Medicina General<\/h3>\n<p>Evaluaci\u00f3n integral del estado de salud para garantizar que el postulante se encuentra apto para conducir.<\/p>\n<\/div>\n<\/div>\n<\/div>\n<p><!-- Nota final --><\/p>\n<div class=\"mediccar-note\" style=\"margin-top: 16px;\"><strong>MEDICCAR<\/strong> \u2013 Tu examen m\u00e9dico r\u00e1pido, seguro y confiable.<\/div>\n<p><!-- CTA --><\/p>\n<p style=\"margin-top: 14px;\"><a class=\"mediccar-cta\" href=\"#reservar\">Reservar cita<\/a><\/p>\n<\/div>\n\t\t<\/div>\n\t\t<\/div><\/div><\/div><div class=\"wpb_column vc_column_container vc_col-sm-6 vc_col-lg-4 vc_col-md-8 vc_col-xs-12 woodmart-sticky-column wd_sticky_offset_150 wd-rs-68b2bdc198023\"><div class=\"vc_column-inner vc_custom_1756544457974\"><div class=\"wpb_wrapper\">\n\t<div class=\"wpb_raw_code wpb_raw_html wpb_content_element\" >\n\t\t<div class=\"wpb_wrapper\">\n\t\t\t<div data-uniq='69d76a756ea48' class='uniq-69d76a756ea48 formcraft-css form-live align-left'><script> window.formcraftLogic = window.formcraftLogic || {}; window.formcraftLogic[3] = [[[[\"field6\",\"contains\",\"Other\"]],[[\"show_fields\",\"field8\"]],\"and\"]]; <\/script><div class=\"fc-pagination-cover fc-pagination-1\">\n\t\t\t\t<div class=\"fc-pagination width-100\">\n\t\t\t\t\t<!-- ngRepeat: page in Builder.FormElements track by $index --><div class=\"pagination-trigger\" data-index=\"0\">\n\t\t\t\t\t\t<span class=\"page-number\"><span >1<\/span><\/span>\n\t\t\t\t\t\t<span class=\"page-name\">Step 1<\/span>\n\t\t\t\t\t\t\n\t\t\t\t\t<\/div><!-- end ngRepeat: page in Builder.FormElements track by $index -->\n\t\t\t\t<\/div>\n\t\t\t<\/div>\n\t\t\t\n\t\t\t<style scoped=\"scoped\" >\n\t\t\t@media (max-width : 480px) {\n\t\t\t\t.fc_modal-dialog-3 .fc-pagination-cover .fc-pagination\n\t\t\t\t{\n\t\t\t\t\tbackground-color: url(https:\/\/itsolutionsperu.net\/mediccar\/wp-content\/plugins\/formcraft3\/views\/..\/assets\/images\/backgrounds\/coarse.png) !important;\n\t\t\t\t}\n\t\t\t}\n\t\t\t\t\t\t.formcraft-css .fc-form.fc-form-3 .form-element .submit-cover .submit-button,\n\t\t\t.formcraft-css .fc-form.fc-form-3 .form-element .fileupload-cover .button-file,\n\t\t\t.formcraft-css .fc-form.fc-form-3 .form-element .field-cover .button,\n\t\t\t.formcraft-datepicker .ui-datepicker-header,\n\t\t\t.formcraft-datepicker .ui-datepicker-title\n\t\t\t{\n\t\t\t\tbackground: #4488ee;\n\t\t\t\tcolor: #fff;\n\t\t\t}\n\t\t\t.formcraft-datepicker td .ui-state-active,\n\t\t\t.formcraft-datepicker td .ui-state-hover,\n\t\t\t.formcraft-css .fc-form.fc-form-3 .form-element .slider-cover .ui-slider-range\n\t\t\t{\n\t\t\t\tbackground: #4488ee;\n\t\t\t}\n\t\t\t#ui-datepicker-div.formcraft-datepicker .ui-datepicker-header,\n\t\t\t.formcraft-css .fc-form .field-cover>div.full hr\n\t\t\t{\n\t\t\t\tborder-color: #3b77d1;\n\t\t\t}\n\t\t\t#ui-datepicker-div.formcraft-datepicker .ui-datepicker-prev:hover,\n\t\t\t#ui-datepicker-div.formcraft-datepicker .ui-datepicker-next:hover,\n\t\t\t#ui-datepicker-div.formcraft-datepicker select.ui-datepicker-month:hover,\n\t\t\t#ui-datepicker-div.formcraft-datepicker select.ui-datepicker-year:hover\n\t\t\t{\n\t\t\t\tbackground-color: #3b77d1;\n\t\t\t}\n\t\t\t.formcraft-css .fc-pagination>div.active .page-number,\n\t\t\t.formcraft-css .form-cover-builder .fc-pagination>div:first-child .page-number\n\t\t\t{\n\t\t\t\tbackground-color: #4488ee;\n\t\t\t\tcolor: #fff;\n\t\t\t}\n\t\t\t#ui-datepicker-div.formcraft-datepicker table.ui-datepicker-calendar th,\n\t\t\t#ui-datepicker-div.formcraft-datepicker table.ui-datepicker-calendar td.ui-datepicker-today a,\n\t\t\t.formcraft-css .fc-form.fc-form-3 .form-element .star-cover label,\n\t\t\thtml .formcraft-css .fc-form.label-floating .form-element .field-cover.has-focus>span,\n\t\t\t.formcraft-css .fc-form.fc-form-3 .form-element .customText-cover a,\n\t\t\t.formcraft-css .prev-next>div span:hover\n\t\t\t{\n\t\t\t\tcolor: #4488ee;\n\t\t\t}\n\t\t\t.formcraft-css .fc-form.fc-form-3 .form-element .customText-cover a:hover\n\t\t\t{\n\t\t\t\tcolor: #3b77d1;\n\t\t\t}\n\t\t\thtml .formcraft-css .fc-form.fc-form-3.label-floating .form-element .field-cover > span\n\t\t\t{\n\t\t\t\tcolor: #666666;\n\t\t\t}\n\t\t\thtml .formcraft-css .fc-form .final-success .final-success-check {\n\t\t\t\tborder: 2px solid #666666;\n\t\t\t}\n\t\t\t.formcraft-css .fc-form.fc-form-3 .form-element .field-cover input[type=\"text\"],\n\t\t\t.formcraft-css .fc-form.fc-form-3 .form-element .field-cover input[type=\"email\"],\n\t\t\t.formcraft-css .fc-form.fc-form-3 .form-element .field-cover input[type=\"password\"],\n\t\t\t.formcraft-css .fc-form.fc-form-3 .form-element .field-cover input[type=\"tel\"],\n\t\t\t.formcraft-css .fc-form.fc-form-3 .form-element .field-cover textarea,\n\t\t\t.formcraft-css .fc-form.fc-form-3 .form-element .field-cover select,\n\t\t\t.formcraft-css .fc-form.fc-form-3 .form-element .field-cover .time-fields-cover,\n\t\t\t.formcraft-css .fc-form.fc-form-3 .form-element .field-cover .awesomplete ul\n\t\t\t{\n\t\t\t\tcolor: #777;\n\t\t\t}\n\t\t\t.formcraft-css .fc-form.fc-form-3 .form-element .field-cover input[type=\"text\"],\n\t\t\t.formcraft-css .fc-form.fc-form-3 .form-element .field-cover input[type=\"password\"],\n\t\t\t.formcraft-css .fc-form.fc-form-3 .form-element .field-cover input[type=\"email\"],\n\t\t\t.formcraft-css .fc-form.fc-form-3 .form-element .field-cover input[type=\"radio\"],\n\t\t\t.formcraft-css .fc-form.fc-form-3 .form-element .field-cover input[type=\"checkbox\"],\n\t\t\t.formcraft-css .fc-form.fc-form-3 .form-element .field-cover input[type=\"tel\"],\n\t\t\t.formcraft-css .fc-form.fc-form-3 .form-element .field-cover select,\n\t\t\t.formcraft-css .fc-form.fc-form-3 .form-element .field-cover textarea\n\t\t\t{\n\t\t\t\tbackground-color: #fafafa;\n\t\t\t}\n\t\t\t.formcraft-css .fc-form.fc-form-3 .form-element .field-cover input[type=\"radio\"]:checked,\n\t\t\t.formcraft-css .fc-form.fc-form-3 .form-element .field-cover input[type=\"checkbox\"]:checked {\n\t\t\t\tborder-color: #3b77d1;\n\t\t\t\tbackground: #4488ee;\t\t\t\t\n\t\t\t}\n\t\t\t.formcraft-css .fc-form.fc-form-3 .form-element .star-cover label .star\n\t\t\t{\n\t\t\t\ttext-shadow: 0px 1px 0px #3b77d1;\n\t\t\t}\n\t\t\t.formcraft-css .fc-form.fc-form-3 .form-element .slider-cover .ui-slider-range\n\t\t\t{\n\t\t\t\tbox-shadow: 0px 1px 1px #3b77d1 inset;\n\t\t\t}\n\t\t\t.formcraft-css .fc-form.fc-form-3 .form-element .fileupload-cover .button-file\n\t\t\t{\n\t\t\t\tborder-color: #3b77d1;\n\t\t\t}\n\t\t\t.formcraft-css .fc-form.fc-form-3 .form-element .form-element-html input[type=\"password\"]:focus,\n\t\t\t.formcraft-css .fc-form.fc-form-3 .form-element .form-element-html input[type=\"email\"]:focus,\n\t\t\t.formcraft-css .fc-form.fc-form-3 .form-element .form-element-html input[type=\"tel\"]:focus,\n\t\t\t.formcraft-css .fc-form.fc-form-3 .form-element .form-element-html input[type=\"text\"]:focus,\n\t\t\t.formcraft-css .fc-form.fc-form-3 .form-element .form-element-html textarea:focus,\n\t\t\t.formcraft-css .fc-form.fc-form-3 .form-element .form-element-html select:focus\n\t\t\t{\n\t\t\t\tborder-color: #4488ee;\n\t\t\t}\n\t\t\t.formcraft-css .fc-form.fc-form-3 .form-element .form-element-html .field-cover .is-read-only:focus {\n\t\t\t\tborder-color: #ccc;\n\t\t\t}\n\t\t\t.formcraft-css .fc-form.fc-form-3\t\t\t{\n\t\t\t\tfont-family: Cabin;\n\t\t\t}\n\t\t\t@media (max-width : 480px) {\n\t\t\t\thtml .dedicated-page,\n\t\t\t\thtml .dedicated-page .formcraft-css .fc-pagination > div.active\n\t\t\t\t{\n\t\t\t\t\tbackground: url(https:\/\/itsolutionsperu.net\/mediccar\/wp-content\/plugins\/formcraft3\/views\/..\/assets\/images\/backgrounds\/coarse.png);\n\t\t\t\t}\n\t\t\t}\n\t\t<\/style>\n\t\t<div class=\"form-cover\">\n\t\t\t<form data-auto-scroll=\"\" data-no-message-redirect=\"\" data-thousand=\"\" data-decimal=\".\" data-delay=\"\" data-id=\"3\" class=\"fc-form fc-form-3 align- fc-temp-class save-form- dont-submit-hidden- icons-hide- disable-enter- label-placeholder field-border-visible frame-visible remove-asterisk-true field-alignment-left\" style=\"width: 600px; color: #666666; font-size: 115%; background: url(https:\/\/itsolutionsperu.net\/mediccar\/wp-content\/plugins\/formcraft3\/views\/..\/assets\/images\/backgrounds\/coarse.png)\" action=\"\">\n\t\t\t\t<!-- ngRepeat: page in Builder.FormElements track by $index --><div class=\"form-page form-page-0\" data-index=\"0\">\n\t\t\t\t\t\n\t\t\t\t\t<div class=\"form-page-content      ng-not-empty\">\n\t\t\t\t\t\t<div data-identifier=\"field7\" data-index=\"0\" style=\"width: 100%\" class=\"form-element form-element-field7 options-false form-element-0 default-false form-element-type-customText is-required-false odd -handle\">\n\t\t\t\t\t\t\t<div class=\"form-element-html\"><div ><div class=\"absolute-false customText-cover field-cover\" style=\"left: ; top: 8px;right: ;bottom: ;color: #666666 !important; background-color:\"><div class=\"full\" style=\"text-align: left\"><p style=\"text-align: center\" ><b style=\"font-size: 30px\">Env\u00edanos tu consulta<\/b><\/p><p ><\/p><p style=\"text-align: center\" ><span style=\"font-size: inherit\">\u00bf<b>Listo para sacar o revalidar tu licencia de conducir? &nbsp;Con <\/b><\/span><strong style=\"font-size: inherit\">Mediccar<\/strong><span style=\"font-size: inherit\"><b> el proceso es r\u00e1pido, seguro y confiable.<\/b><\/span><\/p><p style=\"text-align: center\" ><br><\/p><p ><\/p><\/div><input type=\"hidden\" name=\"field7\" data-field-id=\"field7\"><\/div><\/div><\/div>\n\t\t\t\t\t\t\t\n\t\t\t\t\t\t<\/div><div data-identifier=\"field1\" data-index=\"1\" style=\"width: 100%\" class=\"even form-element form-element-field1 form-element-1 default-false form-element-type-oneLineText is-required-true -handle options-false\">\n\t\t\t\t\t\t\t<div class=\"form-element-html\"><div ><label class=\"oneLineText-cover field-cover\"><span class=\"sub-label-false\"><span class=\"main-label\"><span >Nombre y Apellidos<\/span><\/span><span class=\"sub-label\"><\/span><\/span><div><span class=\"error\"><\/span><input type=\"text\" placeholder=\"Nombre y Apellidos\" make-read-only=\"false\" data-field-id=\"field1\" name=\"field1[]\" data-min-char=\"\" data-max-char=\"\" data-val-type=\"\" data-regexp=\"\" data-is-required=\"true\" data-allow-spaces=\"\" class=\"validation-lenient\" data-placement=\"right\" data-toggle=\"tooltip\" tooltip=\"\" data-trigger=\"focus\" data-html=\"true\" data-input-mask=\"\" data-mask-placeholder=\"\" data-original-title=\"\"><i class=\"formcraft-icon formcraft-icon-type-\"><\/i><\/div><\/label><\/div><\/div>\n\t\t\t\t\t\t\t\n\t\t\t\t\t\t<\/div><div data-identifier=\"field4\" data-index=\"2\" style=\"width: 100%\" class=\"form-element form-element-field4 form-element-2 default-false form-element-type-oneLineText is-required-false odd -handle options-false\">\n\t\t\t\t\t\t\t<div class=\"form-element-html\"><div ><label class=\"oneLineText-cover field-cover\"><span class=\"sub-label-false\"><span class=\"main-label\"><span >Celular<\/span><\/span><span class=\"sub-label\"><\/span><\/span><div><span class=\"error\"><\/span><input type=\"text\" placeholder=\"Celular\" make-read-only=\"false\" data-field-id=\"field4\" name=\"field4[]\" data-min-char=\"\" data-max-char=\"\" data-val-type=\"\" data-regexp=\"\" data-is-required=\"false\" data-allow-spaces=\"\" class=\"validation-lenient\" data-placement=\"right\" data-toggle=\"tooltip\" tooltip=\"\" data-trigger=\"focus\" data-html=\"true\" data-input-mask=\"(000) 000-0000\" data-mask-placeholder=\"(000) 000-0000\" data-original-title=\"\"><i class=\"formcraft-icon formcraft-icon-type-phone\">phone<\/i><\/div><\/label><\/div><\/div>\n\t\t\t\t\t\t\t\n\t\t\t\t\t\t<\/div><div data-identifier=\"field8\" data-index=\"3\" style=\"width: 100%\" class=\"form-element form-element-field8 options-false default-true form-element-type-oneLineText is-required-false even form-element-3 -handle\">\n\t\t\t\t\t\t\t<div class=\"form-element-html\"><div ><label class=\"oneLineText-cover field-cover\"><span class=\"sub-label-false\"><span class=\"main-label\"><span >Other Allergy<\/span><\/span><span class=\"sub-label\"><\/span><\/span><div><span class=\"error\"><\/span><input type=\"text\" placeholder=\"Other Allergy\" make-read-only=\"false\" data-field-id=\"field8\" name=\"field8[]\" data-min-char=\"\" data-max-char=\"\" data-val-type=\"\" data-regexp=\"\" data-is-required=\"false\" data-allow-spaces=\"\" class=\"validation-lenient\" data-placement=\"right\" data-toggle=\"tooltip\" tooltip=\"\" data-trigger=\"focus\" data-html=\"true\" data-input-mask=\"\" data-mask-placeholder=\"\" data-original-title=\"\"><i class=\"formcraft-icon formcraft-icon-type-\"><\/i><\/div><\/label><\/div><\/div>\n\t\t\t\t\t\t\t\n\t\t\t\t\t\t<\/div><div data-identifier=\"field11\" data-index=\"4\" style=\"width: 100%\" class=\"form-element form-element-field11 options-false default-false form-element-type-dropdown is-required-false odd form-element-4 -handle\">\n\t\t\t\t\t\t\t<div class=\"form-element-html\"><div ><label class=\"dropdown-cover field-cover autocomplete-type-\"><span class=\"sub-label-true\"><span class=\"main-label\"><span >Language<\/span><\/span><span class=\"sub-label\"><span >pick one!<\/span><\/span><\/span><div><span class=\"error\"><\/span><select data-is-required=\"false\" class=\"validation-lenient\" data-field-id=\"field11\" name=\"field11\" data-placement=\"right\" data-toggle=\"tooltip\" tooltip=\"\" data-trigger=\"hover\" data-html=\"true\" data-original-title=\"\"><option value=\"\" class=\"\">Seleccionar Sede<\/option><option value=\"Jr. Emilio Althaus 580, Lince\" class=\"\">Jr. Emilio Althaus 580, Lince<\/option><\/select><input type=\"text\"><\/div><\/label><\/div><\/div>\n\t\t\t\t\t\t\t\n\t\t\t\t\t\t<\/div><div data-identifier=\"field10\" data-index=\"5\" style=\"width: 100%\" class=\"form-element form-element-field10 options-false default-false form-element-type-submit is-required-false even form-element-5 -handle\">\n\t\t\t\t\t\t\t<div class=\"form-element-html\"><div ><div class=\"align-center wide-false submit-cover field-cover\"><button type=\"submit\" class=\"button submit-button\"><span class=\"text\">Enviar Solicitud<\/span><span class=\"spin-cover\"><i style=\"color:\" class=\"loading-icon icon-cog animate-spin\"><\/i><\/span><\/button><\/div><div class=\"submit-response\"><\/div><label ><input type=\"text\" class=\"required_field\" name=\"website\" autocomplete=\"maple-syrup-pot\"><\/label><\/div><\/div>\n\t\t\t\t\t\t\t\n\t\t\t\t\t\t<\/div>\n\t\t\t\t\t<\/div>\n\t\t\t\t<\/div><!-- end ngRepeat: page in Builder.FormElements track by $index -->\n\t\t\t<input type=\"hidden\" name=\"trp-form-language\" value=\"en\"\/><\/form>\n\t\t\t<div class=\"prev-next prev-next-1\" style=\"width: 600px; color: #666666; font-size: 115%; background: url(https:\/\/itsolutionsperu.net\/mediccar\/wp-content\/plugins\/formcraft3\/views\/..\/assets\/images\/backgrounds\/coarse.png)\">\n\t\t\t\t<div>\n\t\t\t\t\t\n\t\t\t\t\t<span class=\"inactive page-prev\"><i class=\"formcraft-icon\">keyboard_arrow_left<\/i>Previous<\/span><\/div>\n\t\t\t\t<div>\n\t\t\t\t\t\n\t\t\t\t\t<span class=\"page-next\">Next<i class=\"formcraft-icon\">keyboard_arrow_right<\/i><\/span><\/div>\n\t\t\t<\/div>\n\t\t<\/div><\/div>\n\t\t<\/div>\n\t<\/div>\n<\/div><\/div><\/div><\/div>\n<\/div>","protected":false},"excerpt":{"rendered":"Examen M\u00e9dico para Licencia de Conducir \u2013 MEDICCAR Tu examen m\u00e9dico r\u00e1pido, seguro y confiable. Requisitos Tener 18 a\u00f1os como","protected":false},"featured_media":7519,"template":"","meta":[],"product_brand":[],"product_cat":[202],"product_tag":[],"class_list":{"0":"post-7406","1":"product","2":"type-product","3":"status-publish","4":"has-post-thumbnail","6":"product_cat-examen-medico-para-brevetes","8":"first","9":"instock","10":"sale","11":"shipping-taxable","12":"purchasable","13":"product-type-simple"},"yoast_head":"<!-- This site is optimized with the Yoast SEO plugin v23.2 - https:\/\/yoast.com\/wordpress\/plugins\/seo\/ -->\n<title>Examen M\u00e9dico \/ Canje Extranjero - Mediccar<\/title>\n<meta name=\"robots\" content=\"index, follow, max-snippet:-1, max-image-preview:large, max-video-preview:-1\" \/>\n<link rel=\"canonical\" href=\"https:\/\/medicentral.pe\/en\/product\/examen-medico-canje-extranjero\/\" \/>\n<meta property=\"og:locale\" content=\"en_US\" \/>\n<meta property=\"og:type\" content=\"article\" \/>\n<meta property=\"og:title\" content=\"Examen M\u00e9dico \/ Canje Extranjero - Mediccar\" \/>\n<meta property=\"og:url\" content=\"https:\/\/medicentral.pe\/en\/product\/examen-medico-canje-extranjero\/\" \/>\n<meta property=\"og:site_name\" content=\"Mediccar\" \/>\n<meta property=\"article:modified_time\" content=\"2026-01-14T00:59:28+00:00\" \/>\n<meta property=\"og:image\" content=\"https:\/\/medicentral.pe\/wp-content\/uploads\/2025\/08\/Fpro6.jpg\" \/>\n\t<meta property=\"og:image:width\" content=\"1024\" \/>\n\t<meta property=\"og:image:height\" content=\"1024\" \/>\n\t<meta property=\"og:image:type\" content=\"image\/jpeg\" \/>\n<meta name=\"twitter:card\" content=\"summary_large_image\" \/>\n<meta name=\"twitter:label1\" content=\"Est. reading time\" \/>\n\t<meta name=\"twitter:data1\" content=\"2 minutes\" \/>\n<script type=\"application\/ld+json\" class=\"yoast-schema-graph\">{\"@context\":\"https:\/\/schema.org\",\"@graph\":[{\"@type\":\"WebPage\",\"@id\":\"https:\/\/medicentral.pe\/product\/examen-medico-canje-extranjero\/\",\"url\":\"https:\/\/medicentral.pe\/product\/examen-medico-canje-extranjero\/\",\"name\":\"Examen M\u00e9dico \/ Canje Extranjero - Mediccar\",\"isPartOf\":{\"@id\":\"https:\/\/medicentral.pe\/#website\"},\"primaryImageOfPage\":{\"@id\":\"https:\/\/medicentral.pe\/product\/examen-medico-canje-extranjero\/#primaryimage\"},\"image\":{\"@id\":\"https:\/\/medicentral.pe\/product\/examen-medico-canje-extranjero\/#primaryimage\"},\"thumbnailUrl\":\"https:\/\/medicentral.pe\/wp-content\/uploads\/2025\/08\/Fpro6.jpg\",\"datePublished\":\"2025-08-30T09:11:40+00:00\",\"dateModified\":\"2026-01-14T00:59:28+00:00\",\"breadcrumb\":{\"@id\":\"https:\/\/medicentral.pe\/product\/examen-medico-canje-extranjero\/#breadcrumb\"},\"inLanguage\":\"en-US\",\"potentialAction\":[{\"@type\":\"ReadAction\",\"target\":[\"https:\/\/medicentral.pe\/product\/examen-medico-canje-extranjero\/\"]}]},{\"@type\":\"ImageObject\",\"inLanguage\":\"en-US\",\"@id\":\"https:\/\/medicentral.pe\/product\/examen-medico-canje-extranjero\/#primaryimage\",\"url\":\"https:\/\/medicentral.pe\/wp-content\/uploads\/2025\/08\/Fpro6.jpg\",\"contentUrl\":\"https:\/\/medicentral.pe\/wp-content\/uploads\/2025\/08\/Fpro6.jpg\",\"width\":1024,\"height\":1024},{\"@type\":\"BreadcrumbList\",\"@id\":\"https:\/\/medicentral.pe\/product\/examen-medico-canje-extranjero\/#breadcrumb\",\"itemListElement\":[{\"@type\":\"ListItem\",\"position\":1,\"name\":\"Portada\",\"item\":\"https:\/\/medicentral.pe\/\"},{\"@type\":\"ListItem\",\"position\":2,\"name\":\"Tienda\",\"item\":\"https:\/\/medicentral.pe\/tienda\/\"},{\"@type\":\"ListItem\",\"position\":3,\"name\":\"Examen M\u00e9dico \/ Canje Extranjero\"}]},{\"@type\":\"WebSite\",\"@id\":\"https:\/\/medicentral.pe\/#website\",\"url\":\"https:\/\/medicentral.pe\/\",\"name\":\"Mediccar\",\"description\":\"\",\"potentialAction\":[{\"@type\":\"SearchAction\",\"target\":{\"@type\":\"EntryPoint\",\"urlTemplate\":\"https:\/\/medicentral.pe\/?s={search_term_string}\"},\"query-input\":\"required name=search_term_string\"}],\"inLanguage\":\"en-US\"}]}<\/script>\n<!-- \/ Yoast SEO plugin. -->","yoast_head_json":{"title":"Examen M\u00e9dico \/ Canje Extranjero - Mediccar","robots":{"index":"index","follow":"follow","max-snippet":"max-snippet:-1","max-image-preview":"max-image-preview:large","max-video-preview":"max-video-preview:-1"},"canonical":"https:\/\/medicentral.pe\/en\/product\/examen-medico-canje-extranjero\/","og_locale":"en_US","og_type":"article","og_title":"Examen M\u00e9dico \/ Canje Extranjero - Mediccar","og_url":"https:\/\/medicentral.pe\/en\/product\/examen-medico-canje-extranjero\/","og_site_name":"Mediccar","article_modified_time":"2026-01-14T00:59:28+00:00","og_image":[{"width":1024,"height":1024,"url":"https:\/\/medicentral.pe\/wp-content\/uploads\/2025\/08\/Fpro6.jpg","type":"image\/jpeg"}],"twitter_card":"summary_large_image","twitter_misc":{"Est. reading time":"2 minutes"},"schema":{"@context":"https:\/\/schema.org","@graph":[{"@type":"WebPage","@id":"https:\/\/medicentral.pe\/product\/examen-medico-canje-extranjero\/","url":"https:\/\/medicentral.pe\/product\/examen-medico-canje-extranjero\/","name":"Examen M\u00e9dico \/ Canje Extranjero - Mediccar","isPartOf":{"@id":"https:\/\/medicentral.pe\/#website"},"primaryImageOfPage":{"@id":"https:\/\/medicentral.pe\/product\/examen-medico-canje-extranjero\/#primaryimage"},"image":{"@id":"https:\/\/medicentral.pe\/product\/examen-medico-canje-extranjero\/#primaryimage"},"thumbnailUrl":"https:\/\/medicentral.pe\/wp-content\/uploads\/2025\/08\/Fpro6.jpg","datePublished":"2025-08-30T09:11:40+00:00","dateModified":"2026-01-14T00:59:28+00:00","breadcrumb":{"@id":"https:\/\/medicentral.pe\/product\/examen-medico-canje-extranjero\/#breadcrumb"},"inLanguage":"en-US","potentialAction":[{"@type":"ReadAction","target":["https:\/\/medicentral.pe\/product\/examen-medico-canje-extranjero\/"]}]},{"@type":"ImageObject","inLanguage":"en-US","@id":"https:\/\/medicentral.pe\/product\/examen-medico-canje-extranjero\/#primaryimage","url":"https:\/\/medicentral.pe\/wp-content\/uploads\/2025\/08\/Fpro6.jpg","contentUrl":"https:\/\/medicentral.pe\/wp-content\/uploads\/2025\/08\/Fpro6.jpg","width":1024,"height":1024},{"@type":"BreadcrumbList","@id":"https:\/\/medicentral.pe\/product\/examen-medico-canje-extranjero\/#breadcrumb","itemListElement":[{"@type":"ListItem","position":1,"name":"Portada","item":"https:\/\/medicentral.pe\/"},{"@type":"ListItem","position":2,"name":"Tienda","item":"https:\/\/medicentral.pe\/tienda\/"},{"@type":"ListItem","position":3,"name":"Examen M\u00e9dico \/ Canje Extranjero"}]},{"@type":"WebSite","@id":"https:\/\/medicentral.pe\/#website","url":"https:\/\/medicentral.pe\/","name":"Mediccar","description":"","potentialAction":[{"@type":"SearchAction","target":{"@type":"EntryPoint","urlTemplate":"https:\/\/medicentral.pe\/?s={search_term_string}"},"query-input":"required name=search_term_string"}],"inLanguage":"en-US"}]}},"_links":{"self":[{"href":"https:\/\/medicentral.pe\/en\/wp-json\/wp\/v2\/product\/7406","targetHints":{"allow":["GET"]}}],"collection":[{"href":"https:\/\/medicentral.pe\/en\/wp-json\/wp\/v2\/product"}],"about":[{"href":"https:\/\/medicentral.pe\/en\/wp-json\/wp\/v2\/types\/product"}],"wp:featuredmedia":[{"embeddable":true,"href":"https:\/\/medicentral.pe\/en\/wp-json\/wp\/v2\/media\/7519"}],"wp:attachment":[{"href":"https:\/\/medicentral.pe\/en\/wp-json\/wp\/v2\/media?parent=7406"}],"wp:term":[{"taxonomy":"product_brand","embeddable":true,"href":"https:\/\/medicentral.pe\/en\/wp-json\/wp\/v2\/product_brand?post=7406"},{"taxonomy":"product_cat","embeddable":true,"href":"https:\/\/medicentral.pe\/en\/wp-json\/wp\/v2\/product_cat?post=7406"},{"taxonomy":"product_tag","embeddable":true,"href":"https:\/\/medicentral.pe\/en\/wp-json\/wp\/v2\/product_tag?post=7406"}],"curies":[{"name":"wp","href":"https:\/\/api.w.org\/{rel}","templated":true}]}}