{"id":18,"date":"2023-06-06T11:00:13","date_gmt":"2023-06-06T11:00:13","guid":{"rendered":"https:\/\/dummy.xtemos.com\/woodmart2\/furniture2\/?page_id=18"},"modified":"2025-08-27T11:28:07","modified_gmt":"2025-08-27T16:28:07","slug":"nosotros","status":"publish","type":"page","link":"https:\/\/medicentral.pe\/en\/nosotros\/","title":{"rendered":"Nosotros"},"content":{"rendered":"<div class=\"wpb-content-wrapper\"><div class=\"vc_row wpb_row vc_row-fluid vc_custom_1685544197253 vc_row-o-content-middle vc_row-flex row-reverse-mobile row-reverse-tablet wd-rs-64775cf93784f\"><div class=\"wpb_column vc_column_container vc_col-sm-12 vc_col-lg-8 vc_col-md-6 wd-rs-6437f9c6ef9c8\"><div class=\"vc_column-inner\"><div class=\"wpb_wrapper\"><div class=\"vc_empty_space\"   style=\"height: 32px\"><span class=\"vc_empty_space_inner\"><\/span><\/div>\t\t<div id=\"gallery_186\" class=\"wd-images-gallery wd-wpb wd-rs-68af2f455ebc7 wd-off-anim wpb_animate_when_almost_visible wpb_rotateInDownLeft rotateInDownLeft wd-anim-name_rotateInDownLeft vc_custom_1756311409136 photoswipe-images\" style=\"--wd-justify-content:center;--wd-align-items:center;\">\n\t\t\t\n\t\t\t<div class=\"wd-grid-g\" style=\"--wd-col-lg:2;--wd-col-md:2;--wd-col-sm:2;--wd-gap-lg:20px;--wd-gap-sm:10px;\">\n\t\t\t\t\n\t\t\t\t\t\t\t\t\t\t\t\t\t\t\t<div class=\"wd-gallery-item wd-col\">\n\t\t\t\t\t\t\t\t\t\t\t\t\t\t<a href=\"https:\/\/medicentral.pe\/wp-content\/uploads\/2025\/08\/equipo1.jpg\" data-elementor-open-lightbox=\"no\" data-index=\"1\" data-width=\"1103\" data-height=\"751\" \n\t\t\t\t\t\t\t\t\t\t\t\t >\n\t\t\t\t\t\t\t\t\n\t\t\t\t\t\t\t\t<img loading=\"lazy\" decoding=\"async\" width=\"1103\" height=\"751\" src=\"https:\/\/medicentral.pe\/wp-content\/uploads\/2025\/08\/equipo1.jpg\" class=\"wd-gallery-image image-1\" alt=\"\" srcset=\"https:\/\/medicentral.pe\/wp-content\/uploads\/2025\/08\/equipo1.jpg 1103w, https:\/\/medicentral.pe\/wp-content\/uploads\/2025\/08\/equipo1-300x204.jpg 300w, https:\/\/medicentral.pe\/wp-content\/uploads\/2025\/08\/equipo1-1024x697.jpg 1024w, https:\/\/medicentral.pe\/wp-content\/uploads\/2025\/08\/equipo1-768x523.jpg 768w, https:\/\/medicentral.pe\/wp-content\/uploads\/2025\/08\/equipo1-18x12.jpg 18w, https:\/\/medicentral.pe\/wp-content\/uploads\/2025\/08\/equipo1-150x102.jpg 150w\" sizes=\"auto, (max-width: 1103px) 100vw, 1103px\" \/>\n\t\t\t\t\t\t\t\t\t\t\t\t\t\t\t<\/a>\n\t\t\t\t\t\t\t\t\t\t\t\t<\/div>\n\t\t\t\t\t\t\t\t\t\t\t<div class=\"wd-gallery-item wd-col\">\n\t\t\t\t\t\t\t\t\t\t\t\t\t\t<a href=\"https:\/\/medicentral.pe\/wp-content\/uploads\/2025\/08\/solo.jpg\" data-elementor-open-lightbox=\"no\" data-index=\"2\" data-width=\"1103\" data-height=\"751\" \n\t\t\t\t\t\t\t\t\t\t\t\t >\n\t\t\t\t\t\t\t\t\n\t\t\t\t\t\t\t\t<img loading=\"lazy\" decoding=\"async\" width=\"1103\" height=\"751\" src=\"https:\/\/medicentral.pe\/wp-content\/uploads\/2025\/08\/solo.jpg\" class=\"wd-gallery-image image-2\" alt=\"\" srcset=\"https:\/\/medicentral.pe\/wp-content\/uploads\/2025\/08\/solo.jpg 1103w, https:\/\/medicentral.pe\/wp-content\/uploads\/2025\/08\/solo-300x204.jpg 300w, https:\/\/medicentral.pe\/wp-content\/uploads\/2025\/08\/solo-1024x697.jpg 1024w, https:\/\/medicentral.pe\/wp-content\/uploads\/2025\/08\/solo-768x523.jpg 768w, https:\/\/medicentral.pe\/wp-content\/uploads\/2025\/08\/solo-18x12.jpg 18w, https:\/\/medicentral.pe\/wp-content\/uploads\/2025\/08\/solo-150x102.jpg 150w\" sizes=\"auto, (max-width: 1103px) 100vw, 1103px\" \/>\n\t\t\t\t\t\t\t\t\t\t\t\t\t\t\t<\/a>\n\t\t\t\t\t\t\t\t\t\t\t\t<\/div>\n\t\t\t\t\t\t\t\t\t\n\t\t\t\t\t\t\t<\/div>\n\n\t\t\t\t\t<\/div>\n\t\t<\/div><\/div><\/div><div class=\"wpb_column vc_column_container vc_col-sm-12 vc_col-lg-4 vc_col-md-6 wd-rs-6437f9cfc23d6\"><div class=\"vc_column-inner\"><div class=\"wpb_wrapper\"><div class=\"vc_empty_space\"   style=\"height: 32px\"><span class=\"vc_empty_space_inner\"><\/span><\/div>\n\t\t<div id=\"wd-68af2fafd5d3e\" class=\"title-wrapper wd-wpb wd-set-mb reset-last-child  wd-rs-68af2fafd5d3e wd-title-color-default wd-title-style-bordered text-left wd-off-anim wpb_animate_when_almost_visible wpb_rotateInDownRight rotateInDownRight wd-anim-name_rotateInDownRight vc_custom_1756311484162 wd-underline-colored\">\n\t\t\t\n\t\t\t<div class=\"liner-continer\">\n\t\t\t\t<h4 class=\"woodmart-title-container title  wd-font-weight- wd-fontsize-xxl\" >Acerca de Mediccar<\/h4>\n\t\t\t\t\t\t\t<\/div>\n\t\t\t\n\t\t\t\n\t\t\t\n\t\t<\/div>\n\t\t\n\t\t\t\t<div id=\"wd-68af31229bd39\" class=\"wd-text-block wd-wpb reset-last-child wd-animation-slide-from-right wd-animation-normal wd_delay_500 wd-rs-68af31229bd39 text-left vc_custom_1756311859857\">\n\t\t\t<p><span style=\"color: #142644;\">Mediccar es una entidad dedicada a la realizaci\u00f3n de evaluaciones psicosom\u00e1ticas para solicitantes que deseen obtener la Licencia de Conducir en cualquiera de sus categor\u00edas, en coordinaci\u00f3n con el Ministerio de Transportes y Comunicaciones del Per\u00fa.<\/span><\/p>\n\t\t<\/div>\n\t\t<\/div><\/div><\/div><\/div><div class=\"vc_row wpb_row vc_row-fluid\"><div class=\"wpb_column vc_column_container vc_col-sm-12\"><div class=\"vc_column-inner\"><div class=\"wpb_wrapper\"><\/div><\/div><\/div><\/div><div class=\"vc_row wpb_row vc_row-fluid vc_custom_1497525663205\"><div class=\"wpb_column vc_column_container vc_col-sm-4 vc_col-lg-4 vc_col-md-offset-0 vc_col-md-4 vc_col-xs-12\"><div class=\"vc_column-inner\"><div class=\"wpb_wrapper\">\t\t\t<div class=\"info-box-wrapper\">\n\t\t\t\t<div id=\"wd-68af31445e5f6\" class=\"wd-rs-68af31445e5f6 wd-info-box wd-wpb text-center box-icon-align-top box-style-bg-hover color-scheme-light wd-bg-none wd-off-anim wpb_animate_when_almost_visible wpb_fadeInLeft fadeInLeft wd-anim-name_fadeInLeft color-scheme-hover-light vc_custom_1756311954783\">\n\t\t\t\t\t\t\t\t\t\t<div class=\"info-box-content\">\n\t\t\t\t\t\t<h4 class=\"info-box-title title box-title-style-default wd-fontsize-s\">MISI\u00d3N<\/h4>\t\t\t\t\t\t<div class=\"info-box-inner reset-last-child\"><p>Ofrecer atenci\u00f3n en salud en distintas especialidades, respaldados por tecnolog\u00eda m\u00e9dica de vanguardia e instalaciones apropiadas que aseguren la seguridad, eficacia y excelencia en cada servicio.<\/p>\n<\/div>\n\n\t\t\t\t\t\t\t\t\t\t\t<\/div>\n\n\t\t\t\t\t\t\t\t\t\t\t<a class=\"wd-info-box-link wd-fill\" aria-label=\"Infobox link\" href=\"http:\/\/#\" title=\"\"><\/a>\n\t\t\t\t\t\n\t\t\t\t\t<style>#wd-68af31445e5f6 {background-image:-webkit-linear-gradient(left , rgb(8, 148, 222) 3% , rgb(113, 200, 246) 35% , rgb(113, 200, 246) 66% , rgb(8, 148, 222) 100%);background-image:linear-gradient(to right , rgb(8, 148, 222) 3% , rgb(113, 200, 246) 35% , rgb(113, 200, 246) 66% , rgb(8, 148, 222) 100%); !important;}#wd-68af31445e5f6:after {background-image:-webkit-linear-gradient(left , rgb(142, 207, 235) , rgb(142, 207, 235) 100%);background-image:linear-gradient(to right , rgb(142, 207, 235) , rgb(142, 207, 235) 100%); !important;}<\/style>\t\t\t\t<\/div>\n\t\t\t<\/div>\n\t\t<\/div><\/div><\/div><div class=\"wpb_column vc_column_container vc_col-sm-4 vc_col-lg-4 vc_col-md-4 vc_col-xs-12\"><div class=\"vc_column-inner\"><div class=\"wpb_wrapper\">\t\t\t<div class=\"info-box-wrapper\">\n\t\t\t\t<div id=\"wd-68af3195b95c1\" class=\"wd-rs-68af3195b95c1 wd-info-box wd-wpb text-center box-icon-align-top box-style-bg-hover color-scheme-light wd-bg-none wd-off-anim wpb_animate_when_almost_visible wpb_fadeInUp fadeInUp wd-anim-name_fadeInUp color-scheme-hover-light vc_custom_1756311992425\">\n\t\t\t\t\t\t\t\t\t\t<div class=\"info-box-content\">\n\t\t\t\t\t\t<h4 class=\"info-box-title title box-title-style-default wd-fontsize-s\">VISI\u00d3N<\/h4>\t\t\t\t\t\t<div class=\"info-box-inner reset-last-child\"><p>Convertirnos en una entidad referente en la atenci\u00f3n m\u00e9dica en sus distintas especialidades, con un enfoque constante en ofrecer una experiencia que supere las expectativas de nuestros pacientes.<\/p>\n<\/div>\n\n\t\t\t\t\t\t\t\t\t\t\t<\/div>\n\n\t\t\t\t\t\t\t\t\t\t\t<a class=\"wd-info-box-link wd-fill\" aria-label=\"Infobox link\" href=\"http:\/\/#\" title=\"\"><\/a>\n\t\t\t\t\t\n\t\t\t\t\t<style>#wd-68af3195b95c1 {background-image:-webkit-linear-gradient(left , rgb(107, 107, 107) , rgb(126, 123, 123) 39% , rgb(136, 133, 133) 65% , rgb(107, 107, 107) 100%);background-image:linear-gradient(to right , rgb(107, 107, 107) , rgb(126, 123, 123) 39% , rgb(136, 133, 133) 65% , rgb(107, 107, 107) 100%); !important;}#wd-68af3195b95c1:after {background-image:-webkit-linear-gradient(left , rgb(130, 127, 127) , rgb(130, 127, 127) 100%);background-image:linear-gradient(to right , rgb(130, 127, 127) , rgb(130, 127, 127) 100%); !important;}<\/style>\t\t\t\t<\/div>\n\t\t\t<\/div>\n\t\t<\/div><\/div><\/div><div class=\"wpb_column vc_column_container vc_col-sm-4 vc_col-lg-4 vc_col-md-4 vc_col-xs-12\"><div class=\"vc_column-inner\"><div class=\"wpb_wrapper\">\t\t\t<div class=\"info-box-wrapper\">\n\t\t\t\t<div id=\"wd-68af31c5944be\" class=\"wd-rs-68af31c5944be wd-info-box wd-wpb text-center box-icon-align-top box-style-bg-hover color-scheme-light wd-bg-none wd-off-anim wpb_animate_when_almost_visible wpb_fadeInRight fadeInRight wd-anim-name_fadeInRight color-scheme-hover-light vc_custom_1756312014992\">\n\t\t\t\t\t\t\t\t\t\t<div class=\"info-box-content\">\n\t\t\t\t\t\t<h4 class=\"info-box-title title box-title-style-default wd-fontsize-s\">COMPROMISO<\/h4>\t\t\t\t\t\t<div class=\"info-box-inner reset-last-child\"><p>Ofrecer atenci\u00f3n en salud en distintas especialidades, respaldados por tecnolog\u00eda m\u00e9dica de vanguardia e instalaciones apropiadas que aseguren la seguridad, eficacia y excelencia en cada servicio.<\/p>\n<\/div>\n\n\t\t\t\t\t\t\t\t\t\t\t<\/div>\n\n\t\t\t\t\t\t\t\t\t\t\t<a class=\"wd-info-box-link wd-fill\" aria-label=\"Infobox link\" href=\"http:\/\/#\" title=\"\"><\/a>\n\t\t\t\t\t\n\t\t\t\t\t<style>#wd-68af31c5944be {background-image:-webkit-linear-gradient(left , rgb(8, 148, 222) 3% , rgb(113, 200, 246) 35% , rgb(113, 200, 246) 66% , rgb(8, 148, 222) 100%);background-image:linear-gradient(to right , rgb(8, 148, 222) 3% , rgb(113, 200, 246) 35% , rgb(113, 200, 246) 66% , rgb(8, 148, 222) 100%); !important;}#wd-68af31c5944be:after {background-image:-webkit-linear-gradient(left , rgb(142, 207, 235) , rgb(142, 207, 235) 100%);background-image:linear-gradient(to right , rgb(142, 207, 235) , rgb(142, 207, 235) 100%); !important;}<\/style>\t\t\t\t<\/div>\n\t\t\t<\/div>\n\t\t<\/div><\/div><\/div><\/div>\n<\/div>","protected":false},"excerpt":{"rendered":"Acerca de Mediccar Mediccar es una entidad dedicada a la realizaci\u00f3n de evaluaciones psicosom\u00e1ticas para solicitantes que deseen obtener la","protected":false},"author":1,"featured_media":0,"parent":0,"menu_order":0,"comment_status":"closed","ping_status":"closed","template":"","meta":{"footnotes":""},"class_list":["post-18","page","type-page","status-publish","hentry"],"yoast_head":"<!-- This site is optimized with the Yoast SEO plugin v23.2 - https:\/\/yoast.com\/wordpress\/plugins\/seo\/ -->\n<title>Nosotros - Mediccar<\/title>\n<meta name=\"robots\" content=\"index, follow, max-snippet:-1, max-image-preview:large, max-video-preview:-1\" \/>\n<link rel=\"canonical\" href=\"https:\/\/medicentral.pe\/en\/nosotros\/\" \/>\n<meta property=\"og:locale\" content=\"en_US\" \/>\n<meta property=\"og:type\" content=\"article\" \/>\n<meta property=\"og:title\" content=\"Nosotros - Mediccar\" \/>\n<meta property=\"og:url\" content=\"https:\/\/medicentral.pe\/en\/nosotros\/\" \/>\n<meta property=\"og:site_name\" content=\"Mediccar\" \/>\n<meta property=\"article:modified_time\" content=\"2025-08-27T16:28:07+00:00\" \/>\n<meta name=\"twitter:card\" content=\"summary_large_image\" \/>\n<meta name=\"twitter:label1\" content=\"Est. reading time\" \/>\n\t<meta name=\"twitter:data1\" content=\"2 minutes\" \/>\n<script type=\"application\/ld+json\" class=\"yoast-schema-graph\">{\"@context\":\"https:\/\/schema.org\",\"@graph\":[{\"@type\":\"WebPage\",\"@id\":\"https:\/\/medicentral.pe\/nosotros\/\",\"url\":\"https:\/\/medicentral.pe\/nosotros\/\",\"name\":\"Nosotros - Mediccar\",\"isPartOf\":{\"@id\":\"https:\/\/medicentral.pe\/#website\"},\"datePublished\":\"2023-06-06T11:00:13+00:00\",\"dateModified\":\"2025-08-27T16:28:07+00:00\",\"breadcrumb\":{\"@id\":\"https:\/\/medicentral.pe\/nosotros\/#breadcrumb\"},\"inLanguage\":\"en-US\",\"potentialAction\":[{\"@type\":\"ReadAction\",\"target\":[\"https:\/\/medicentral.pe\/nosotros\/\"]}]},{\"@type\":\"BreadcrumbList\",\"@id\":\"https:\/\/medicentral.pe\/nosotros\/#breadcrumb\",\"itemListElement\":[{\"@type\":\"ListItem\",\"position\":1,\"name\":\"Portada\",\"item\":\"https:\/\/medicentral.pe\/\"},{\"@type\":\"ListItem\",\"position\":2,\"name\":\"Nosotros\"}]},{\"@type\":\"WebSite\",\"@id\":\"https:\/\/medicentral.pe\/#website\",\"url\":\"https:\/\/medicentral.pe\/\",\"name\":\"Mediccar\",\"description\":\"\",\"potentialAction\":[{\"@type\":\"SearchAction\",\"target\":{\"@type\":\"EntryPoint\",\"urlTemplate\":\"https:\/\/medicentral.pe\/?s={search_term_string}\"},\"query-input\":\"required name=search_term_string\"}],\"inLanguage\":\"en-US\"}]}<\/script>\n<!-- \/ Yoast SEO plugin. -->","yoast_head_json":{"title":"Nosotros - Mediccar","robots":{"index":"index","follow":"follow","max-snippet":"max-snippet:-1","max-image-preview":"max-image-preview:large","max-video-preview":"max-video-preview:-1"},"canonical":"https:\/\/medicentral.pe\/en\/nosotros\/","og_locale":"en_US","og_type":"article","og_title":"Nosotros - Mediccar","og_url":"https:\/\/medicentral.pe\/en\/nosotros\/","og_site_name":"Mediccar","article_modified_time":"2025-08-27T16:28:07+00:00","twitter_card":"summary_large_image","twitter_misc":{"Est. reading time":"2 minutes"},"schema":{"@context":"https:\/\/schema.org","@graph":[{"@type":"WebPage","@id":"https:\/\/medicentral.pe\/nosotros\/","url":"https:\/\/medicentral.pe\/nosotros\/","name":"Nosotros - Mediccar","isPartOf":{"@id":"https:\/\/medicentral.pe\/#website"},"datePublished":"2023-06-06T11:00:13+00:00","dateModified":"2025-08-27T16:28:07+00:00","breadcrumb":{"@id":"https:\/\/medicentral.pe\/nosotros\/#breadcrumb"},"inLanguage":"en-US","potentialAction":[{"@type":"ReadAction","target":["https:\/\/medicentral.pe\/nosotros\/"]}]},{"@type":"BreadcrumbList","@id":"https:\/\/medicentral.pe\/nosotros\/#breadcrumb","itemListElement":[{"@type":"ListItem","position":1,"name":"Portada","item":"https:\/\/medicentral.pe\/"},{"@type":"ListItem","position":2,"name":"Nosotros"}]},{"@type":"WebSite","@id":"https:\/\/medicentral.pe\/#website","url":"https:\/\/medicentral.pe\/","name":"Mediccar","description":"","potentialAction":[{"@type":"SearchAction","target":{"@type":"EntryPoint","urlTemplate":"https:\/\/medicentral.pe\/?s={search_term_string}"},"query-input":"required name=search_term_string"}],"inLanguage":"en-US"}]}},"_links":{"self":[{"href":"https:\/\/medicentral.pe\/en\/wp-json\/wp\/v2\/pages\/18","targetHints":{"allow":["GET"]}}],"collection":[{"href":"https:\/\/medicentral.pe\/en\/wp-json\/wp\/v2\/pages"}],"about":[{"href":"https:\/\/medicentral.pe\/en\/wp-json\/wp\/v2\/types\/page"}],"author":[{"embeddable":true,"href":"https:\/\/medicentral.pe\/en\/wp-json\/wp\/v2\/users\/1"}],"replies":[{"embeddable":true,"href":"https:\/\/medicentral.pe\/en\/wp-json\/wp\/v2\/comments?post=18"}],"version-history":[{"count":43,"href":"https:\/\/medicentral.pe\/en\/wp-json\/wp\/v2\/pages\/18\/revisions"}],"predecessor-version":[{"id":7318,"href":"https:\/\/medicentral.pe\/en\/wp-json\/wp\/v2\/pages\/18\/revisions\/7318"}],"wp:attachment":[{"href":"https:\/\/medicentral.pe\/en\/wp-json\/wp\/v2\/media?parent=18"}],"curies":[{"name":"wp","href":"https:\/\/api.w.org\/{rel}","templated":true}]}}